{"id":227,"date":"2022-01-14T12:22:05","date_gmt":"2022-01-14T11:22:05","guid":{"rendered":"https:\/\/lystes.academy\/eyesperfect\/?page_id=34"},"modified":"2022-01-14T12:22:05","modified_gmt":"2022-01-14T11:22:05","slug":"mention-legales","status":"publish","type":"page","link":"https:\/\/lystes.academy\/affiliation\/mention-legales\/","title":{"rendered":"Mention l\u00e9gales"},"content":{"rendered":"<div class=\"wpb-content-wrapper\">[vc_row][vc_column][vc_column_text]\n<div class=\"shopify-policy__container\">\n<div class=\"shopify-policy__body\">\n<div class=\"rte\">\n<p>Editeur du site<\/p>\n<p>Site Internet mentorlystes.store<br \/>\n26 rue g\u00e9n\u00e9ral beuret,<br \/>\n75015 Paris France<br \/>\nD\u00e9nomination sociale : Lynk Agency<br \/>\nForme juridique de la soci\u00e9t\u00e9 : SAS au capital<br \/>\nSIRET : 88459973900015<\/p>\n<p>H\u00e9bergeur<\/p>\n<p>Site r\u00e9alis\u00e9 par : Fvncy<br \/>\nSite h\u00e9berg\u00e9 par : 1and1 , 7 PL DE LA GARE 57200 France.<br \/>\nhttps:\/\/www.ionos.fr\/<\/p>\n<\/div>\n<\/div>\n<\/div>\n[\/vc_column_text][\/vc_column][\/vc_row]\n<\/div>","protected":false},"excerpt":{"rendered":"<p>[vc_row][vc_column][vc_column_text] Editeur du site Site Internet mentorlystes.store 26 rue g\u00e9n\u00e9ral beuret, 75015 Paris France D\u00e9nomination sociale : Lynk Agency Forme juridique de la soci\u00e9t\u00e9 : SAS au capital SIRET : 88459973900015 H\u00e9bergeur Site r\u00e9alis\u00e9 par : Fvncy Site h\u00e9berg\u00e9 par : 1and1 , 7 PL DE LA GARE 57200 France.&hellip;<\/p>\n","protected":false},"author":1,"featured_media":0,"parent":0,"menu_order":0,"comment_status":"closed","ping_status":"closed","template":"","meta":{"_acf_changed":false,"footnotes":""},"class_list":["post-227","page","type-page","status-publish","hentry"],"acf":[],"yoast_head":"<!-- This site is optimized with the Yoast SEO plugin v25.3.1 - https:\/\/yoast.com\/wordpress\/plugins\/seo\/ -->\n<title>Mention l\u00e9gales - affliation<\/title>\n<meta name=\"robots\" content=\"index, follow, max-snippet:-1, max-image-preview:large, max-video-preview:-1\" \/>\n<link rel=\"canonical\" href=\"https:\/\/mentorlystes.com\/affiliation\/mention-legales\/\" \/>\n<meta property=\"og:locale\" content=\"fr_FR\" \/>\n<meta property=\"og:type\" content=\"article\" \/>\n<meta property=\"og:title\" content=\"Mention l\u00e9gales - affliation\" \/>\n<meta property=\"og:description\" content=\"[vc_row][vc_column][vc_column_text] Editeur du site Site Internet mentorlystes.store 26 rue g\u00e9n\u00e9ral beuret, 75015 Paris France D\u00e9nomination sociale : Lynk Agency Forme juridique de la soci\u00e9t\u00e9 : SAS au capital SIRET : 88459973900015 H\u00e9bergeur Site r\u00e9alis\u00e9 par : Fvncy Site h\u00e9berg\u00e9 par : 1and1 , 7 PL DE LA GARE 57200 France.&hellip;\" \/>\n<meta property=\"og:url\" content=\"https:\/\/mentorlystes.com\/affiliation\/mention-legales\/\" \/>\n<meta property=\"og:site_name\" content=\"affliation\" \/>\n<meta name=\"twitter:card\" content=\"summary_large_image\" \/>\n<script type=\"application\/ld+json\" class=\"yoast-schema-graph\">{\"@context\":\"https:\/\/schema.org\",\"@graph\":[{\"@type\":\"WebPage\",\"@id\":\"https:\/\/mentorlystes.com\/affiliation\/mention-legales\/\",\"url\":\"https:\/\/mentorlystes.com\/affiliation\/mention-legales\/\",\"name\":\"Mention l\u00e9gales - affliation\",\"isPartOf\":{\"@id\":\"https:\/\/mentorlystes.com\/affiliation\/#website\"},\"datePublished\":\"2022-01-14T11:22:05+00:00\",\"breadcrumb\":{\"@id\":\"https:\/\/mentorlystes.com\/affiliation\/mention-legales\/#breadcrumb\"},\"inLanguage\":\"fr-FR\",\"potentialAction\":[{\"@type\":\"ReadAction\",\"target\":[\"https:\/\/mentorlystes.com\/affiliation\/mention-legales\/\"]}]},{\"@type\":\"BreadcrumbList\",\"@id\":\"https:\/\/mentorlystes.com\/affiliation\/mention-legales\/#breadcrumb\",\"itemListElement\":[{\"@type\":\"ListItem\",\"position\":1,\"name\":\"Accueil\",\"item\":\"https:\/\/mentorlystes.com\/affiliation\/\"},{\"@type\":\"ListItem\",\"position\":2,\"name\":\"Mention l\u00e9gales\"}]},{\"@type\":\"WebSite\",\"@id\":\"https:\/\/mentorlystes.com\/affiliation\/#website\",\"url\":\"https:\/\/mentorlystes.com\/affiliation\/\",\"name\":\"affliation\",\"description\":\"Un site utilisant Les sites de Mentorlystes\",\"potentialAction\":[{\"@type\":\"SearchAction\",\"target\":{\"@type\":\"EntryPoint\",\"urlTemplate\":\"https:\/\/mentorlystes.com\/affiliation\/?s={search_term_string}\"},\"query-input\":{\"@type\":\"PropertyValueSpecification\",\"valueRequired\":true,\"valueName\":\"search_term_string\"}}],\"inLanguage\":\"fr-FR\"}]}<\/script>\n<!-- \/ Yoast SEO plugin. -->","yoast_head_json":{"title":"Mention l\u00e9gales - affliation","robots":{"index":"index","follow":"follow","max-snippet":"max-snippet:-1","max-image-preview":"max-image-preview:large","max-video-preview":"max-video-preview:-1"},"canonical":"https:\/\/mentorlystes.com\/affiliation\/mention-legales\/","og_locale":"fr_FR","og_type":"article","og_title":"Mention l\u00e9gales - affliation","og_description":"[vc_row][vc_column][vc_column_text] Editeur du site Site Internet mentorlystes.store 26 rue g\u00e9n\u00e9ral beuret, 75015 Paris France D\u00e9nomination sociale : Lynk Agency Forme juridique de la soci\u00e9t\u00e9 : SAS au capital SIRET : 88459973900015 H\u00e9bergeur Site r\u00e9alis\u00e9 par : Fvncy Site h\u00e9berg\u00e9 par : 1and1 , 7 PL DE LA GARE 57200 France.&hellip;","og_url":"https:\/\/mentorlystes.com\/affiliation\/mention-legales\/","og_site_name":"affliation","twitter_card":"summary_large_image","schema":{"@context":"https:\/\/schema.org","@graph":[{"@type":"WebPage","@id":"https:\/\/mentorlystes.com\/affiliation\/mention-legales\/","url":"https:\/\/mentorlystes.com\/affiliation\/mention-legales\/","name":"Mention l\u00e9gales - affliation","isPartOf":{"@id":"https:\/\/mentorlystes.com\/affiliation\/#website"},"datePublished":"2022-01-14T11:22:05+00:00","breadcrumb":{"@id":"https:\/\/mentorlystes.com\/affiliation\/mention-legales\/#breadcrumb"},"inLanguage":"fr-FR","potentialAction":[{"@type":"ReadAction","target":["https:\/\/mentorlystes.com\/affiliation\/mention-legales\/"]}]},{"@type":"BreadcrumbList","@id":"https:\/\/mentorlystes.com\/affiliation\/mention-legales\/#breadcrumb","itemListElement":[{"@type":"ListItem","position":1,"name":"Accueil","item":"https:\/\/mentorlystes.com\/affiliation\/"},{"@type":"ListItem","position":2,"name":"Mention l\u00e9gales"}]},{"@type":"WebSite","@id":"https:\/\/mentorlystes.com\/affiliation\/#website","url":"https:\/\/mentorlystes.com\/affiliation\/","name":"affliation","description":"Un site utilisant Les sites de Mentorlystes","potentialAction":[{"@type":"SearchAction","target":{"@type":"EntryPoint","urlTemplate":"https:\/\/mentorlystes.com\/affiliation\/?s={search_term_string}"},"query-input":{"@type":"PropertyValueSpecification","valueRequired":true,"valueName":"search_term_string"}}],"inLanguage":"fr-FR"}]}},"_links":{"self":[{"href":"https:\/\/lystes.academy\/affiliation\/wp-json\/wp\/v2\/pages\/227","targetHints":{"allow":["GET"]}}],"collection":[{"href":"https:\/\/lystes.academy\/affiliation\/wp-json\/wp\/v2\/pages"}],"about":[{"href":"https:\/\/lystes.academy\/affiliation\/wp-json\/wp\/v2\/types\/page"}],"author":[{"embeddable":true,"href":"https:\/\/lystes.academy\/affiliation\/wp-json\/wp\/v2\/users\/1"}],"replies":[{"embeddable":true,"href":"https:\/\/lystes.academy\/affiliation\/wp-json\/wp\/v2\/comments?post=227"}],"version-history":[{"count":0,"href":"https:\/\/lystes.academy\/affiliation\/wp-json\/wp\/v2\/pages\/227\/revisions"}],"wp:attachment":[{"href":"https:\/\/lystes.academy\/affiliation\/wp-json\/wp\/v2\/media?parent=227"}],"curies":[{"name":"wp","href":"https:\/\/api.w.org\/{rel}","templated":true}]}}