{"id":228,"date":"2022-01-14T12:23:26","date_gmt":"2022-01-14T11:23:26","guid":{"rendered":"https:\/\/lystes.academy\/eyesperfect\/?page_id=35"},"modified":"2022-01-14T12:23:26","modified_gmt":"2022-01-14T11:23:26","slug":"conditions-generales-de-vente","status":"publish","type":"page","link":"https:\/\/lystes.academy\/affiliation\/conditions-generales-de-vente\/","title":{"rendered":"Conditions g\u00e9n\u00e9rales de vente"},"content":{"rendered":"<div class=\"wpb-content-wrapper\">[vc_row][vc_column][vc_column_text]\n<div>\n<p><strong>Article 1. Objet<\/strong><\/p>\n<p>Les pr\u00e9sentes conditions de vente visent \u00e0 d\u00e9finir <span id=\"tou-0-cee48523-c0da-4f9f-a738-d8b7de9f83da\" class=\"tou-node\"><\/span> contractuelles entre mentorlystes et l\u2019acheteur et <span id=\"tou-0-ddc7d9eb-018b-4cd5-85ff-6c95a89e14fc\" class=\"tou-node\"><\/span> applicables \u00e0 tout achat effectu\u00e9 par le biais du site . L\u2019acquisition d\u2019un produit \u00e0 travers le pr\u00e9sent site implique une <span id=\"tou-0-47442f8d-8577-47ea-b985-b6f57114966a\" class=\"tou-node\" lang=\"en\"><\/span> sans r\u00e9serve par l\u2019acheteur des pr\u00e9sentes conditions de vente dont l\u2019acheteur reconna\u00eet avoir pris connaissance pr\u00e9alablement \u00e0 sa commande. Avant toute <span id=\"tou-0-08fb956d-d146-4856-84ab-51f6b5e90074\" class=\"tou-node\"><\/span>, l\u2019acheteur d\u00e9clare d\u2019une part que l\u2019achat de produits sur le site est sans rapport direct avec son activit\u00e9 professionnelle et est limit\u00e9 \u00e0 une utilisation strictement personnelle et d\u2019autre part avoir la pleine capacit\u00e9 juridique, lui permettant de s\u2019engager au <span id=\"tou-0-3dc54f15-5d9e-4cb9-a8c3-22a19cd69fb4\" class=\"tou-node\"><\/span> des pr\u00e9sentes conditions g\u00e9n\u00e9rales de ventes.<span id=\"tou-0-afa92c84-acac-4c85-8dc3-6515bebebdc6\" class=\"tou-node\" lang=\"en\"><\/span><\/p>\n<p>La soci\u00e9t\u00e9 mentorlystes conserve la possibilit\u00e9 de modifier \u00e0 tout <span id=\"tou-0-4ee04c6e-1540-46ff-83a4-fcbb5a69f48d\" class=\"tou-node\"><\/span><span id=\"tou-0-f608d942-8441-46cc-9cd9-5683d30cbd4f\" class=\"tou-node\" lang=\"en\"><\/span> ces conditions de ventes, afin de respecter toute nouvelle r\u00e9glementation ou dans le but d&#8217;am\u00e9liorer l\u2019utilisation de son site. De ce fait, <span id=\"tou-0-11182a2b-024e-4d84-846b-901f3ce6a5b6\" class=\"tou-node\" lang=\"en\"><\/span> applicables seront celles en vigueur \u00e0 la date de la commande par l\u2019acheteur.<\/p>\n<p><strong>Article 2. Produits<\/strong><\/p>\n<p>Les produits propos\u00e9s sont ceux qui figurent sur le site de la soci\u00e9t\u00e9 mentorlystes dans la limite des stocks disponibles. La soci\u00e9t\u00e9 mentorlystes se r\u00e9serve le droit de modifier \u00e0 tout moment l\u2019assortiment de produits. Chaque produit est pr\u00e9sent\u00e9 sur le site internet sous forme d\u2019un descriptif reprenant ses principales caract\u00e9ristiques techniques (longueur, poids, couleur). Les photographies sont les plus fid\u00e8les possibles mais n\u2019engagent en rien le Vendeur. La vente des produits pr\u00e9sent\u00e9s dans le site mentorlystes est destin\u00e9e \u00e0 tous les acheteurs r\u00e9sidants dans les pays qui autorisent pleinement l\u2019entr\u00e9e sur leur territoire de ces produits.<\/p>\n<p><strong>Article 3. Tarifs<\/strong><\/p>\n<p>Les prix figurant sur les fiches produits du catalogue internet et sont des prix en Euros (\u20ac) toutes taxes comprises (TTC) tenant compte de la TVA applicable au jour de la commande. Tout changement du taux de la TVA pourra \u00eatre r\u00e9percut\u00e9 sur le prix des produits. La soci\u00e9t\u00e9 mentorlystes  se r\u00e9serve le droit de modifier ses prix \u00e0 tout moment, \u00e9tant toutefois entendu que le prix figurant au catalogue le jour de la commande sera le seul applicable \u00e0 l\u2019acheteur. En France m\u00e9tropolitaine, la livraison est gratuite. Pour les DOM\/TOM, les payes de l\u2019Union Europ\u00e9enne, Suisse et Andorre, les prix indiqu\u00e9s ne comprennent pas les frais de livraison, factur\u00e9s en suppl\u00e9ment du prix des produits achet\u00e9s suivant le montant total de la commande.<\/p>\n<p><strong>Article 4. Commande et modalit\u00e9s de paiement<\/strong><\/p>\n<p>La soci\u00e9t\u00e9 mentorlystes  propose \u00e0 l\u2019acheteur de commander et r\u00e9gler ses produits en plusieurs \u00e9tapes, avec 2 options de paiement au choix : Paiement s\u00e9curis\u00e9 par Paypal ou carte bancaire. L\u2019acheteur s\u00e9lectionne les produits qu\u2019il souhaite commander dans le \u00ab panier \u00bb, modifie si besoin (quantit\u00e9s, r\u00e9f\u00e9rences\u2026), v\u00e9rifie l\u2019adresse de livraison ou en renseigne une nouvelle. Ensuite, l\u2019acheteur choisit le mode de paiement de son choix. L\u2019\u00e9tape suivante lui propose de v\u00e9rifier l\u2019ensemble des informations, prendre connaissance et accepter les pr\u00e9sentes conditions g\u00e9n\u00e9rales de vente en cochant la case correspondante, puis l\u2019invite \u00e0 valider sa commande en cliquant sur le bouton \u00ab Confirmer ma commande \u00bb. Enfin, l\u2019acheteur est redirig\u00e9 sur l\u2019interface s\u00e9curis\u00e9e PAYPAL afin de renseigner en toute s\u00e9curit\u00e9 ses r\u00e9f\u00e9rences de compte Paypal ou de carte bleue personnelle. Si le paiement est accept\u00e9, la commande est enregistr\u00e9e et le contrat d\u00e9finitivement form\u00e9. Le paiement par compte Paypal ou par carte bancaire est irr\u00e9vocable. En cas d\u2019utilisation frauduleuse de celle-ci, l\u2019acheteur pourra exiger l\u2019annulation du paiement par carte, les sommes vers\u00e9es seront alors recr\u00e9dit\u00e9es ou restitu\u00e9es. La responsabilit\u00e9 du titulaire d\u2019une carte bancaire n\u2019est pas engag\u00e9e si le paiement contest\u00e9 a \u00e9t\u00e9 prouv\u00e9 effectu\u00e9 frauduleusement, \u00e0 distance, sans utilisation physique de sa carte. Pour obtenir le remboursement du d\u00e9bit frauduleux et des \u00e9ventuels frais bancaires que l\u2019op\u00e9ration a pu engendrer, le porteur de la carte doit contester, par \u00e9crit, le pr\u00e9l\u00e8vement aupr\u00e8s de sa banque, dans les 70 jours suivant l\u2019op\u00e9ration, voire 120 jours si le contrat le liant \u00e0 celle-ci le pr\u00e9voit. Les montants pr\u00e9lev\u00e9s sont rembours\u00e9s par la banque dans un d\u00e9lai maximum d\u2019un mois apr\u00e8s r\u00e9ception de la contestation \u00e9crite form\u00e9e par le porteur. Aucun frais de restitution des sommes ne pourra \u00eatre mis \u00e0 la charge du titulaire.<\/p>\n<p>La confirmation d\u2019une commande entra\u00eene acceptation des pr\u00e9sentes conditions de vente, la reconnaissance d\u2019en avoir parfaite connaissance et la renonciation \u00e0 se pr\u00e9valoir de ses propres conditions d\u2019achat. L\u2019ensemble des donn\u00e9es fournies et la confirmation enregistr\u00e9e vaudront preuve de la transaction. Si l\u2019acheteur poss\u00e8de une adresse \u00e9lectronique et s\u2019il l\u2019a renseign\u00e9e sur son bon de commande, la soci\u00e9t\u00e9 mentorlystes  lui communiquera par courrier \u00e9lectronique la confirmation de l\u2019enregistrement de sa commande.<\/p>\n<p>Si l\u2019acheteur souhaite contacter la soci\u00e9t\u00e9 mentorlystes , il peut le faire soit par courrier soit par email , soit par t\u00e9l\u00e9phone.<\/p>\n<p><strong>Article 5. R\u00e9serve de propri\u00e9t\u00e9<\/strong><\/p>\n<p>La soci\u00e9t\u00e9 mentorlystes  conserve la propri\u00e9t\u00e9 pleine et enti\u00e8re des produits vendus jusqu&#8217;au parfait encaissement du prix, en principal, frais et taxes compris.<\/p>\n<p><strong>Article 6. R\u00e9tractation<\/strong><\/p>\n<p>En vertu de l\u2019article L121-20 du Code de la consommation, l\u2019acheteur dispose d&#8217;un d\u00e9lai de quatorze jours ouvrables \u00e0 compter de la livraison de leur commande pour exercer son droit de r\u00e9tractation et ainsi faire retour du produit au vendeur pour \u00e9change ou remboursement sans p\u00e9nalit\u00e9, \u00e0 l\u2019exception des frais de retour.<\/p>\n<p><strong>Article 7. Livraison<\/strong><\/p>\n<p>Les livraisons sont faites \u00e0 l\u2019adresse indiqu\u00e9e sur le bon de commande qui ne peut \u00eatre que dans la zone g\u00e9ographique convenue. Les commandes sont effectu\u00e9es par La Poste via COLISSIMO contre signature, service de livraison avec suivi, remise avec signature. Les d\u00e9lais de livraison ne sont donn\u00e9s qu\u2019\u00e0 titre indicatif ; si ceux-ci d\u00e9passent trente jours \u00e0 compter de la commande, le contrat de vente pourra \u00eatre r\u00e9sili\u00e9 et l\u2019acheteur rembours\u00e9. La soci\u00e9t\u00e9 mentorlystes  pourra fournir par e-mail \u00e0 l\u2019acheteur le num\u00e9ro de suivi de son colis. L\u2019acheteur est livr\u00e9 \u00e0 son domicile par son facteur. En cas d\u2019absence de l\u2019acheteur, il recevra un avis de passage de son facteur, ce qui lui permet de retirer les produits command\u00e9s au bureau de Poste le plus proche, pendant un d\u00e9lai indiqu\u00e9 par les services postaux. Les risques li\u00e9s au transport sont \u00e0 la charge de l&#8217;acqu\u00e9reur \u00e0 compter du moment o\u00f9 les articles quittent les locaux de la soci\u00e9t\u00e9 mentorlystes . L\u2019acheteur est tenu de v\u00e9rifier en pr\u00e9sence du pr\u00e9pos\u00e9 de La Poste ou du livreur, l\u2019\u00e9tat de l\u2019emballage de la marchandise et son contenu \u00e0 la livraison. En cas de dommage pendant le transport, toute protestation doit \u00eatre effectu\u00e9e aupr\u00e8s du transporteur dans un d\u00e9lai de trois jours \u00e0 compter de la livraison.<\/p>\n<p><strong>Article 8. Garantie<\/strong><\/p>\n<p>Tous les produits fournis par la soci\u00e9t\u00e9 mentorlystes  b\u00e9n\u00e9ficient de la garantie l\u00e9gale pr\u00e9vue par les articles 1641 et suivants du Code civil. En cas de non-conformit\u00e9 d\u2019un produit vendu, il pourra \u00eatre retourn\u00e9 \u00e0 la soci\u00e9t\u00e9 mentorlystes  qui le reprendra, l\u2019\u00e9changera ou le remboursera \u00e0 votre guise. Toutes les r\u00e9clamations, demandes d\u2019\u00e9change ou de remboursement doivent s\u2019effectuer par voie postale \u00e0 l\u2019adresse suivante : MDM 32 bd Antoine Giroust, 77600 Bussy Saint Georges, dans un d\u00e9lai de trente jours apr\u00e8s livraison.<\/p>\n<p><strong>Article 9. Responsabilit\u00e9<\/strong><\/p>\n<p>La soci\u00e9t\u00e9 mentorlystes , dans le processus de vente \u00e0 distance, n\u2019est tenue que par une obligation de moyens. Sa responsabilit\u00e9 ne pourra \u00eatre engag\u00e9e pour un dommage r\u00e9sultant de l\u2019utilisation du r\u00e9seau Internet tel que perte de donn\u00e9es, intrusion, virus, rupture du service, ou autres probl\u00e8mes involontaires.<\/p>\n<p><strong>Article 10. Propri\u00e9t\u00e9 intellectuelle<\/strong><\/p>\n<p>Tous les \u00e9l\u00e9ments du site mentorlystes  sont et restent la propri\u00e9t\u00e9 intellectuelle et exclusive de la soci\u00e9t\u00e9 mentorlystes . Personne n\u2019est autoris\u00e9 \u00e0 reproduire, exploiter, ou utiliser \u00e0 quelque titre que ce soit, m\u00eame partiellement, des \u00e9l\u00e9ments du site qu\u2019ils soient sous forme de photo, logo, visuel ou texte.<\/p>\n<p><strong>Article 11. Donn\u00e9es \u00e0 caract\u00e8re personnel<\/strong><\/p>\n<p>La soci\u00e9t\u00e9 mentorlystes  s&#8217;engage \u00e0 pr\u00e9server la confidentialit\u00e9 des informations fournies par l\u2019acheteur, qu&#8217;il serait amen\u00e9 \u00e0 transmettre pour l&#8217;utilisation de certains services. Toute information le concernant est soumise aux dispositions de la loi n\u00b0 78-17 du 6 janvier 1978. A ce titre, l&#8217;internaute dispose d&#8217;un droit d&#8217;acc\u00e8s, de modification et de suppression des informations le concernant. Il peut en faire la demande \u00e0 tout moment par courrier.<\/p>\n<p><strong>Article 12. R\u00e8glement des litiges<\/strong><\/p>\n<p>Les pr\u00e9sentes conditions de vente \u00e0 distance sont soumises \u00e0 la loi fran\u00e7aise. Pour tous litiges ou contentieux, le Tribunal comp\u00e9tent sera celui de Paris.<\/p>\n<\/div>\n[\/vc_column_text][\/vc_column][\/vc_row]\n<\/div>","protected":false},"excerpt":{"rendered":"<p>[vc_row][vc_column][vc_column_text] Article 1. Objet Les pr\u00e9sentes conditions de vente visent \u00e0 d\u00e9finir contractuelles entre mentorlystes et l\u2019acheteur et applicables \u00e0 tout achat effectu\u00e9 par le biais du site . L\u2019acquisition d\u2019un produit \u00e0 travers le pr\u00e9sent site implique une sans r\u00e9serve par l\u2019acheteur des pr\u00e9sentes conditions de vente dont l\u2019acheteur&hellip;<\/p>\n","protected":false},"author":1,"featured_media":0,"parent":0,"menu_order":0,"comment_status":"closed","ping_status":"closed","template":"","meta":{"_acf_changed":false,"footnotes":""},"class_list":["post-228","page","type-page","status-publish","hentry"],"acf":[],"yoast_head":"<!-- This site is optimized with the Yoast SEO plugin v25.3.1 - https:\/\/yoast.com\/wordpress\/plugins\/seo\/ -->\n<title>Conditions g\u00e9n\u00e9rales de vente - affliation<\/title>\n<meta name=\"robots\" content=\"index, follow, max-snippet:-1, max-image-preview:large, max-video-preview:-1\" \/>\n<link rel=\"canonical\" href=\"https:\/\/mentorlystes.com\/affiliation\/conditions-generales-de-vente\/\" \/>\n<meta property=\"og:locale\" content=\"fr_FR\" \/>\n<meta property=\"og:type\" content=\"article\" \/>\n<meta property=\"og:title\" content=\"Conditions g\u00e9n\u00e9rales de vente - affliation\" \/>\n<meta property=\"og:description\" content=\"[vc_row][vc_column][vc_column_text] Article 1. Objet Les pr\u00e9sentes conditions de vente visent \u00e0 d\u00e9finir contractuelles entre mentorlystes et l\u2019acheteur et applicables \u00e0 tout achat effectu\u00e9 par le biais du site . L\u2019acquisition d\u2019un produit \u00e0 travers le pr\u00e9sent site implique une sans r\u00e9serve par l\u2019acheteur des pr\u00e9sentes conditions de vente dont l\u2019acheteur&hellip;\" \/>\n<meta property=\"og:url\" content=\"https:\/\/mentorlystes.com\/affiliation\/conditions-generales-de-vente\/\" \/>\n<meta property=\"og:site_name\" content=\"affliation\" \/>\n<meta name=\"twitter:card\" content=\"summary_large_image\" \/>\n<meta name=\"twitter:label1\" content=\"Dur\u00e9e de lecture estim\u00e9e\" \/>\n\t<meta name=\"twitter:data1\" content=\"8 minutes\" \/>\n<script type=\"application\/ld+json\" class=\"yoast-schema-graph\">{\"@context\":\"https:\/\/schema.org\",\"@graph\":[{\"@type\":\"WebPage\",\"@id\":\"https:\/\/mentorlystes.com\/affiliation\/conditions-generales-de-vente\/\",\"url\":\"https:\/\/mentorlystes.com\/affiliation\/conditions-generales-de-vente\/\",\"name\":\"Conditions g\u00e9n\u00e9rales de vente - affliation\",\"isPartOf\":{\"@id\":\"https:\/\/mentorlystes.com\/affiliation\/#website\"},\"datePublished\":\"2022-01-14T11:23:26+00:00\",\"breadcrumb\":{\"@id\":\"https:\/\/mentorlystes.com\/affiliation\/conditions-generales-de-vente\/#breadcrumb\"},\"inLanguage\":\"fr-FR\",\"potentialAction\":[{\"@type\":\"ReadAction\",\"target\":[\"https:\/\/mentorlystes.com\/affiliation\/conditions-generales-de-vente\/\"]}]},{\"@type\":\"BreadcrumbList\",\"@id\":\"https:\/\/mentorlystes.com\/affiliation\/conditions-generales-de-vente\/#breadcrumb\",\"itemListElement\":[{\"@type\":\"ListItem\",\"position\":1,\"name\":\"Accueil\",\"item\":\"https:\/\/mentorlystes.com\/affiliation\/\"},{\"@type\":\"ListItem\",\"position\":2,\"name\":\"Conditions g\u00e9n\u00e9rales de vente\"}]},{\"@type\":\"WebSite\",\"@id\":\"https:\/\/mentorlystes.com\/affiliation\/#website\",\"url\":\"https:\/\/mentorlystes.com\/affiliation\/\",\"name\":\"affliation\",\"description\":\"Un site utilisant Les sites de Mentorlystes\",\"potentialAction\":[{\"@type\":\"SearchAction\",\"target\":{\"@type\":\"EntryPoint\",\"urlTemplate\":\"https:\/\/mentorlystes.com\/affiliation\/?s={search_term_string}\"},\"query-input\":{\"@type\":\"PropertyValueSpecification\",\"valueRequired\":true,\"valueName\":\"search_term_string\"}}],\"inLanguage\":\"fr-FR\"}]}<\/script>\n<!-- \/ Yoast SEO plugin. -->","yoast_head_json":{"title":"Conditions g\u00e9n\u00e9rales de vente - affliation","robots":{"index":"index","follow":"follow","max-snippet":"max-snippet:-1","max-image-preview":"max-image-preview:large","max-video-preview":"max-video-preview:-1"},"canonical":"https:\/\/mentorlystes.com\/affiliation\/conditions-generales-de-vente\/","og_locale":"fr_FR","og_type":"article","og_title":"Conditions g\u00e9n\u00e9rales de vente - affliation","og_description":"[vc_row][vc_column][vc_column_text] Article 1. Objet Les pr\u00e9sentes conditions de vente visent \u00e0 d\u00e9finir contractuelles entre mentorlystes et l\u2019acheteur et applicables \u00e0 tout achat effectu\u00e9 par le biais du site . L\u2019acquisition d\u2019un produit \u00e0 travers le pr\u00e9sent site implique une sans r\u00e9serve par l\u2019acheteur des pr\u00e9sentes conditions de vente dont l\u2019acheteur&hellip;","og_url":"https:\/\/mentorlystes.com\/affiliation\/conditions-generales-de-vente\/","og_site_name":"affliation","twitter_card":"summary_large_image","twitter_misc":{"Dur\u00e9e de lecture estim\u00e9e":"8 minutes"},"schema":{"@context":"https:\/\/schema.org","@graph":[{"@type":"WebPage","@id":"https:\/\/mentorlystes.com\/affiliation\/conditions-generales-de-vente\/","url":"https:\/\/mentorlystes.com\/affiliation\/conditions-generales-de-vente\/","name":"Conditions g\u00e9n\u00e9rales de vente - affliation","isPartOf":{"@id":"https:\/\/mentorlystes.com\/affiliation\/#website"},"datePublished":"2022-01-14T11:23:26+00:00","breadcrumb":{"@id":"https:\/\/mentorlystes.com\/affiliation\/conditions-generales-de-vente\/#breadcrumb"},"inLanguage":"fr-FR","potentialAction":[{"@type":"ReadAction","target":["https:\/\/mentorlystes.com\/affiliation\/conditions-generales-de-vente\/"]}]},{"@type":"BreadcrumbList","@id":"https:\/\/mentorlystes.com\/affiliation\/conditions-generales-de-vente\/#breadcrumb","itemListElement":[{"@type":"ListItem","position":1,"name":"Accueil","item":"https:\/\/mentorlystes.com\/affiliation\/"},{"@type":"ListItem","position":2,"name":"Conditions g\u00e9n\u00e9rales de vente"}]},{"@type":"WebSite","@id":"https:\/\/mentorlystes.com\/affiliation\/#website","url":"https:\/\/mentorlystes.com\/affiliation\/","name":"affliation","description":"Un site utilisant Les sites de Mentorlystes","potentialAction":[{"@type":"SearchAction","target":{"@type":"EntryPoint","urlTemplate":"https:\/\/mentorlystes.com\/affiliation\/?s={search_term_string}"},"query-input":{"@type":"PropertyValueSpecification","valueRequired":true,"valueName":"search_term_string"}}],"inLanguage":"fr-FR"}]}},"_links":{"self":[{"href":"https:\/\/lystes.academy\/affiliation\/wp-json\/wp\/v2\/pages\/228","targetHints":{"allow":["GET"]}}],"collection":[{"href":"https:\/\/lystes.academy\/affiliation\/wp-json\/wp\/v2\/pages"}],"about":[{"href":"https:\/\/lystes.academy\/affiliation\/wp-json\/wp\/v2\/types\/page"}],"author":[{"embeddable":true,"href":"https:\/\/lystes.academy\/affiliation\/wp-json\/wp\/v2\/users\/1"}],"replies":[{"embeddable":true,"href":"https:\/\/lystes.academy\/affiliation\/wp-json\/wp\/v2\/comments?post=228"}],"version-history":[{"count":0,"href":"https:\/\/lystes.academy\/affiliation\/wp-json\/wp\/v2\/pages\/228\/revisions"}],"wp:attachment":[{"href":"https:\/\/lystes.academy\/affiliation\/wp-json\/wp\/v2\/media?parent=228"}],"curies":[{"name":"wp","href":"https:\/\/api.w.org\/{rel}","templated":true}]}}