{"id":230,"date":"2022-01-14T12:24:38","date_gmt":"2022-01-14T11:24:38","guid":{"rendered":"https:\/\/lystes.academy\/eyesperfect\/?page_id=38"},"modified":"2022-01-14T12:24:38","modified_gmt":"2022-01-14T11:24:38","slug":"delais-de-livraison","status":"publish","type":"page","link":"https:\/\/lystes.academy\/affiliation\/delais-de-livraison\/","title":{"rendered":"D\u00e9lais de livraison"},"content":{"rendered":"<div class=\"wpb-content-wrapper\">[vc_row css=&#8221;.vc_custom_1535624888834{margin-top: 20px !important;}&#8221;][vc_column][vc_column_text]\n<p class=\"help-title\"><strong>Quels sont les co\u00fbts et les d\u00e9lais de livraison ?<\/strong><\/p>\n<p class=\"help-title\">Les d\u00e9lais de livraison varient en fonction de la valeur du panier, de l&#8217;adresse et du mode de livraison. Pendant la p\u00e9riode des soldes et des promotions, les d\u00e9lais de livraison peuvent \u00eatre un peu plus longs que d&#8217;habitude.<\/p>\n<p class=\"help-title\"><strong>France M\u00e9tropolitaine et Monaco<\/strong><\/p>\n<div class=\"table-wrapper\">\n<div class=\"rte__table-wrapper\">\n<table border=\"1\" cellspacing=\"0\" cellpadding=\"0\">\n<tbody>\n<tr>\n<td colspan=\"1\" rowspan=\"1\"><strong>Mode de livraison<\/strong><\/td>\n<td colspan=\"1\" rowspan=\"1\"><strong>D\u00e9lai de livraison<\/strong><\/td>\n<\/tr>\n<tr>\n<td colspan=\"1\" rowspan=\"1\">\u00a0 \u00a0Recevez votre commande par Colissimo \u00e0 une adresse indiqu\u00e9e.<\/td>\n<td colspan=\"1\" rowspan=\"1\">\u00a0 \u00a03 &#8211; 4 jours ouvr\u00e9s<\/td>\n<\/tr>\n<tr>\n<td colspan=\"1\" rowspan=\"1\">\u00a0 \u00a0Recevez votre commande par Mondial Relay \u00e0 un point relais<\/td>\n<td colspan=\"1\" rowspan=\"1\">\u00a0 \u00a01 &#8211; 3 jours ouvr\u00e9s<\/td>\n<\/tr>\n<\/tbody>\n<\/table>\n<\/div>\n<\/div>\n<p class=\"help-title\">* Livraison \u00e0 30\u20ac.<\/p>\n<p>&nbsp;<\/p>\n<p class=\"help-title\"><strong>Outre-mer<\/strong><\/p>\n<div class=\"table-wrapper\">\n<div class=\"rte__table-wrapper\">\n<div class=\"table-wrapper\">\n<div class=\"rte__table-wrapper\">\n<table border=\"1\" cellspacing=\"0\" cellpadding=\"0\">\n<tbody>\n<tr>\n<td colspan=\"1\" rowspan=\"1\"><strong>Mode de livraison<\/strong><\/td>\n<td colspan=\"1\" rowspan=\"1\"><strong>D\u00e9lai de livraison<\/strong><\/td>\n<\/tr>\n<tr>\n<td colspan=\"1\" rowspan=\"1\">\u00a0 \u00a0Recevez votre commande par Colissimo \u00e0 une adresse indiqu\u00e9e.<\/td>\n<td colspan=\"1\" rowspan=\"1\">\u00a0 \u00a05 &#8211; 7 jours ouvr\u00e9s<\/td>\n<\/tr>\n<tr>\n<td colspan=\"1\" rowspan=\"1\">\u00a0 \u00a0Recevez votre commande par Mondial Relay \u00e0 un point relais<\/td>\n<td colspan=\"1\" rowspan=\"1\">\u00a0 \u00a010\u00a0 jours ouvr\u00e9s<\/td>\n<\/tr>\n<\/tbody>\n<\/table>\n<\/div>\n<\/div>\n<\/div>\n<\/div>\n<p class=\"help-title\">* Livraison \u00e0 XX\u20ac.<\/p>\n<p>&nbsp;<\/p>\n<p class=\"help-title\"><strong>Europe<\/strong><\/p>\n<div class=\"table-wrapper\">\n<div class=\"rte__table-wrapper\">\n<table border=\"1\" cellspacing=\"0\" cellpadding=\"0\">\n<tbody>\n<tr>\n<td colspan=\"1\" rowspan=\"1\"><strong>Mode de livraison<\/strong><\/td>\n<td colspan=\"1\" rowspan=\"1\"><strong>D\u00e9lai de livraison<\/strong><\/td>\n<\/tr>\n<tr>\n<td colspan=\"1\" rowspan=\"1\">\u00a0 \u00a0Recevez votre commande par Colissimo \u00e0 une adresse indiqu\u00e9e.<\/td>\n<td colspan=\"1\" rowspan=\"1\">\u00a0 \u00a03 &#8211; 4 jours ouvr\u00e9s<\/td>\n<\/tr>\n<tr>\n<td colspan=\"1\" rowspan=\"1\">\u00a0 \u00a0Recevez votre commande par Mondial Relay \u00e0 un point relais<\/td>\n<td colspan=\"1\" rowspan=\"1\">\u00a0 \u00a01 &#8211; 3 jours ouvr\u00e9s<\/td>\n<\/tr>\n<\/tbody>\n<\/table>\n<\/div>\n<\/div>\n<p class=\"help-title\">* Livraison \u00e0 XX\u20ac.<\/p>\n<p>&nbsp;<\/p>\n<p class=\"help-title\"><strong>Monde (hors France, Dom-Tom, Europe)\u00a0<\/strong><\/p>\n<div class=\"table-wrapper\">\n<div class=\"rte__table-wrapper\">\n<div class=\"table-wrapper\">\n<div class=\"rte__table-wrapper\">\n<table border=\"1\" cellspacing=\"0\" cellpadding=\"0\">\n<tbody>\n<tr>\n<td colspan=\"1\" rowspan=\"1\"><strong>Mode de livraison<\/strong><\/td>\n<td colspan=\"1\" rowspan=\"1\"><strong>D\u00e9lai de livraison<\/strong><\/td>\n<\/tr>\n<tr>\n<td colspan=\"1\" rowspan=\"1\">\u00a0 \u00a0Recevez votre commande par Colissimo \u00e0 une adresse indiqu\u00e9e.<\/td>\n<td colspan=\"1\" rowspan=\"1\">\u00a0 \u00a05 &#8211; 10 jours ouvr\u00e9s<\/td>\n<\/tr>\n<tr>\n<td colspan=\"1\" rowspan=\"1\">\u00a0 \u00a0Recevez votre commande par Mondial Relay \u00e0 un point relais<\/td>\n<td colspan=\"1\" rowspan=\"1\">\u00a0 \u00a05 &#8211; 10 jours ouvr\u00e9s<\/td>\n<\/tr>\n<\/tbody>\n<\/table>\n<\/div>\n<\/div>\n<\/div>\n<\/div>\n<p class=\"help-title\">* Livraison \u00e0 50\u20ac.<\/p>\n<p>&nbsp;<\/p>\n<p><strong>Jours f\u00e9ri\u00e9s &amp; Fermeture de l\u2019entrep\u00f4t<\/strong><br \/>\nLes d\u00e9lais de livraison des commandes pass\u00e9es un jour f\u00e9ri\u00e9 ou la veille peuvent \u00eatre plus longs.<\/p>\n<p><strong>R\u00e8gles et restrictions concernant la livraison<\/strong><\/p>\n<ul>\n<li>Les commandes sont exp\u00e9di\u00e9es uniquement pendant les jours ouvrables. Les jours ouvrables sont du lundi au vendredi, \u00e0 l\u2019exception des jours f\u00e9ri\u00e9s en France.<\/li>\n<li>En raison des difficult\u00e9s logistiques li\u00e9es \u00e0 la livraison dans certaines zones isol\u00e9es, nous nous r\u00e9servons le droit d&#8217;annuler votre commande et de soumettre lesdites commandes \u00e0 des conditions g\u00e9n\u00e9rales suppl\u00e9mentaires (par exemple un montant minimum de commande). En cas d&#8217;annulation ou de difficult\u00e9s relatives au traitement de votre commande, vous recevrez une notification peu apr\u00e8s le constat du probl\u00e8me.<\/li>\n<\/ul>\n[\/vc_column_text][\/vc_column][\/vc_row]\n<\/div>","protected":false},"excerpt":{"rendered":"<p>[vc_row css=&#8221;.vc_custom_1535624888834{margin-top: 20px !important;}&#8221;][vc_column][vc_column_text] Quels sont les co\u00fbts et les d\u00e9lais de livraison ? Les d\u00e9lais de livraison varient en fonction de la valeur du panier, de l&#8217;adresse et du mode de livraison. Pendant la p\u00e9riode des soldes et des promotions, les d\u00e9lais de livraison peuvent \u00eatre un peu plus&hellip;<\/p>\n","protected":false},"author":1,"featured_media":0,"parent":0,"menu_order":0,"comment_status":"closed","ping_status":"closed","template":"","meta":{"_acf_changed":false,"footnotes":""},"class_list":["post-230","page","type-page","status-publish","hentry"],"acf":[],"yoast_head":"<!-- This site is optimized with the Yoast SEO plugin v25.3.1 - https:\/\/yoast.com\/wordpress\/plugins\/seo\/ -->\n<title>D\u00e9lais de livraison - affliation<\/title>\n<meta name=\"robots\" content=\"index, follow, max-snippet:-1, max-image-preview:large, max-video-preview:-1\" \/>\n<link rel=\"canonical\" href=\"https:\/\/mentorlystes.com\/affiliation\/delais-de-livraison\/\" \/>\n<meta property=\"og:locale\" content=\"fr_FR\" \/>\n<meta property=\"og:type\" content=\"article\" \/>\n<meta property=\"og:title\" content=\"D\u00e9lais de livraison - affliation\" \/>\n<meta property=\"og:description\" content=\"[vc_row css=&#8221;.vc_custom_1535624888834{margin-top: 20px !important;}&#8221;][vc_column][vc_column_text] Quels sont les co\u00fbts et les d\u00e9lais de livraison ? Les d\u00e9lais de livraison varient en fonction de la valeur du panier, de l&#8217;adresse et du mode de livraison. Pendant la p\u00e9riode des soldes et des promotions, les d\u00e9lais de livraison peuvent \u00eatre un peu plus&hellip;\" \/>\n<meta property=\"og:url\" content=\"https:\/\/mentorlystes.com\/affiliation\/delais-de-livraison\/\" \/>\n<meta property=\"og:site_name\" content=\"affliation\" \/>\n<meta name=\"twitter:card\" content=\"summary_large_image\" \/>\n<meta name=\"twitter:label1\" content=\"Dur\u00e9e de lecture estim\u00e9e\" \/>\n\t<meta name=\"twitter:data1\" content=\"2 minutes\" \/>\n<script type=\"application\/ld+json\" class=\"yoast-schema-graph\">{\"@context\":\"https:\/\/schema.org\",\"@graph\":[{\"@type\":\"WebPage\",\"@id\":\"https:\/\/mentorlystes.com\/affiliation\/delais-de-livraison\/\",\"url\":\"https:\/\/mentorlystes.com\/affiliation\/delais-de-livraison\/\",\"name\":\"D\u00e9lais de livraison - affliation\",\"isPartOf\":{\"@id\":\"https:\/\/mentorlystes.com\/affiliation\/#website\"},\"datePublished\":\"2022-01-14T11:24:38+00:00\",\"breadcrumb\":{\"@id\":\"https:\/\/mentorlystes.com\/affiliation\/delais-de-livraison\/#breadcrumb\"},\"inLanguage\":\"fr-FR\",\"potentialAction\":[{\"@type\":\"ReadAction\",\"target\":[\"https:\/\/mentorlystes.com\/affiliation\/delais-de-livraison\/\"]}]},{\"@type\":\"BreadcrumbList\",\"@id\":\"https:\/\/mentorlystes.com\/affiliation\/delais-de-livraison\/#breadcrumb\",\"itemListElement\":[{\"@type\":\"ListItem\",\"position\":1,\"name\":\"Accueil\",\"item\":\"https:\/\/mentorlystes.com\/affiliation\/\"},{\"@type\":\"ListItem\",\"position\":2,\"name\":\"D\u00e9lais de livraison\"}]},{\"@type\":\"WebSite\",\"@id\":\"https:\/\/mentorlystes.com\/affiliation\/#website\",\"url\":\"https:\/\/mentorlystes.com\/affiliation\/\",\"name\":\"affliation\",\"description\":\"Un site utilisant Les sites de Mentorlystes\",\"potentialAction\":[{\"@type\":\"SearchAction\",\"target\":{\"@type\":\"EntryPoint\",\"urlTemplate\":\"https:\/\/mentorlystes.com\/affiliation\/?s={search_term_string}\"},\"query-input\":{\"@type\":\"PropertyValueSpecification\",\"valueRequired\":true,\"valueName\":\"search_term_string\"}}],\"inLanguage\":\"fr-FR\"}]}<\/script>\n<!-- \/ Yoast SEO plugin. -->","yoast_head_json":{"title":"D\u00e9lais de livraison - affliation","robots":{"index":"index","follow":"follow","max-snippet":"max-snippet:-1","max-image-preview":"max-image-preview:large","max-video-preview":"max-video-preview:-1"},"canonical":"https:\/\/mentorlystes.com\/affiliation\/delais-de-livraison\/","og_locale":"fr_FR","og_type":"article","og_title":"D\u00e9lais de livraison - affliation","og_description":"[vc_row css=&#8221;.vc_custom_1535624888834{margin-top: 20px !important;}&#8221;][vc_column][vc_column_text] Quels sont les co\u00fbts et les d\u00e9lais de livraison ? Les d\u00e9lais de livraison varient en fonction de la valeur du panier, de l&#8217;adresse et du mode de livraison. Pendant la p\u00e9riode des soldes et des promotions, les d\u00e9lais de livraison peuvent \u00eatre un peu plus&hellip;","og_url":"https:\/\/mentorlystes.com\/affiliation\/delais-de-livraison\/","og_site_name":"affliation","twitter_card":"summary_large_image","twitter_misc":{"Dur\u00e9e de lecture estim\u00e9e":"2 minutes"},"schema":{"@context":"https:\/\/schema.org","@graph":[{"@type":"WebPage","@id":"https:\/\/mentorlystes.com\/affiliation\/delais-de-livraison\/","url":"https:\/\/mentorlystes.com\/affiliation\/delais-de-livraison\/","name":"D\u00e9lais de livraison - affliation","isPartOf":{"@id":"https:\/\/mentorlystes.com\/affiliation\/#website"},"datePublished":"2022-01-14T11:24:38+00:00","breadcrumb":{"@id":"https:\/\/mentorlystes.com\/affiliation\/delais-de-livraison\/#breadcrumb"},"inLanguage":"fr-FR","potentialAction":[{"@type":"ReadAction","target":["https:\/\/mentorlystes.com\/affiliation\/delais-de-livraison\/"]}]},{"@type":"BreadcrumbList","@id":"https:\/\/mentorlystes.com\/affiliation\/delais-de-livraison\/#breadcrumb","itemListElement":[{"@type":"ListItem","position":1,"name":"Accueil","item":"https:\/\/mentorlystes.com\/affiliation\/"},{"@type":"ListItem","position":2,"name":"D\u00e9lais de livraison"}]},{"@type":"WebSite","@id":"https:\/\/mentorlystes.com\/affiliation\/#website","url":"https:\/\/mentorlystes.com\/affiliation\/","name":"affliation","description":"Un site utilisant Les sites de Mentorlystes","potentialAction":[{"@type":"SearchAction","target":{"@type":"EntryPoint","urlTemplate":"https:\/\/mentorlystes.com\/affiliation\/?s={search_term_string}"},"query-input":{"@type":"PropertyValueSpecification","valueRequired":true,"valueName":"search_term_string"}}],"inLanguage":"fr-FR"}]}},"_links":{"self":[{"href":"https:\/\/lystes.academy\/affiliation\/wp-json\/wp\/v2\/pages\/230","targetHints":{"allow":["GET"]}}],"collection":[{"href":"https:\/\/lystes.academy\/affiliation\/wp-json\/wp\/v2\/pages"}],"about":[{"href":"https:\/\/lystes.academy\/affiliation\/wp-json\/wp\/v2\/types\/page"}],"author":[{"embeddable":true,"href":"https:\/\/lystes.academy\/affiliation\/wp-json\/wp\/v2\/users\/1"}],"replies":[{"embeddable":true,"href":"https:\/\/lystes.academy\/affiliation\/wp-json\/wp\/v2\/comments?post=230"}],"version-history":[{"count":0,"href":"https:\/\/lystes.academy\/affiliation\/wp-json\/wp\/v2\/pages\/230\/revisions"}],"wp:attachment":[{"href":"https:\/\/lystes.academy\/affiliation\/wp-json\/wp\/v2\/media?parent=230"}],"curies":[{"name":"wp","href":"https:\/\/api.w.org\/{rel}","templated":true}]}}