{"id":35,"date":"2022-04-25T07:21:43","date_gmt":"2022-04-25T05:21:43","guid":{"rendered":"https:\/\/lystes.academy\/affiliation\/?post_type=product&#038;p=35"},"modified":"2022-04-25T07:23:50","modified_gmt":"2022-04-25T05:23:50","slug":"fendi-montre-run-away","status":"publish","type":"product","link":"https:\/\/lystes.academy\/affiliation\/produit\/fendi-montre-run-away\/","title":{"rendered":"FENDI Montre Run Away"},"content":{"rendered":"","protected":false},"excerpt":{"rendered":"<p>Bo\u00eetier en acier inoxydable poli, lettre F ins\u00e9r\u00e9e et couronne en acier inoxydable couleur or jaune. Cadran d\u00e9centr\u00e9 et courb\u00e9 argent-blanc en opaline, minuterie grise, index et aiguilles couleur or jaune imprim\u00e9. Aiguilles dauphines couleur or jaune. Bracelet en acier inoxydable poli avec maillons centraux en acier inoxydable couleur or jaune, boucle d\u00e9ployante.<\/p>\n","protected":false},"featured_media":72,"comment_status":"closed","ping_status":"closed","template":"","meta":{"_acf_changed":false},"product_brand":[],"product_cat":[28],"product_tag":[27],"class_list":{"0":"post-35","1":"product","2":"type-product","3":"status-publish","4":"has-post-thumbnail","6":"product_cat-bijoux-et-montres","7":"product_tag-fendi","9":"first","10":"instock","11":"taxable","12":"shipping-taxable","13":"purchasable","14":"product-type-simple"},"acf":[],"yoast_head":"<!-- This site is optimized with the Yoast SEO plugin v25.3.1 - https:\/\/yoast.com\/wordpress\/plugins\/seo\/ -->\n<title>FENDI Montre Run Away - affliation<\/title>\n<meta name=\"robots\" content=\"index, follow, max-snippet:-1, max-image-preview:large, max-video-preview:-1\" \/>\n<link rel=\"canonical\" href=\"https:\/\/lystes.academy\/affiliation\/produit\/fendi-montre-run-away\/\" \/>\n<meta property=\"og:locale\" content=\"fr_FR\" \/>\n<meta property=\"og:type\" content=\"article\" \/>\n<meta property=\"og:title\" content=\"FENDI Montre Run Away - affliation\" \/>\n<meta property=\"og:description\" content=\"Bo\u00eetier en acier inoxydable poli, lettre F ins\u00e9r\u00e9e et couronne en acier inoxydable couleur or jaune. Cadran d\u00e9centr\u00e9 et courb\u00e9 argent-blanc en opaline, minuterie grise, index et aiguilles couleur or jaune imprim\u00e9. Aiguilles dauphines couleur or jaune. Bracelet en acier inoxydable poli avec maillons centraux en acier inoxydable couleur or jaune, boucle d\u00e9ployante.\" \/>\n<meta property=\"og:url\" content=\"https:\/\/lystes.academy\/affiliation\/produit\/fendi-montre-run-away\/\" \/>\n<meta property=\"og:site_name\" content=\"affliation\" \/>\n<meta property=\"article:modified_time\" content=\"2022-04-25T05:23:50+00:00\" \/>\n<meta property=\"og:image\" content=\"https:\/\/lystes.academy\/affiliation\/wp-content\/uploads\/sites\/6\/2022\/04\/076BD3E4-521C-4971-A73C-CC5311123D4B.png\" \/>\n\t<meta property=\"og:image:width\" content=\"1080\" \/>\n\t<meta property=\"og:image:height\" content=\"1350\" \/>\n\t<meta property=\"og:image:type\" content=\"image\/png\" \/>\n<meta name=\"twitter:card\" content=\"summary_large_image\" \/>\n<script type=\"application\/ld+json\" class=\"yoast-schema-graph\">{\"@context\":\"https:\/\/schema.org\",\"@graph\":[{\"@type\":\"WebPage\",\"@id\":\"https:\/\/lystes.academy\/affiliation\/produit\/fendi-montre-run-away\/\",\"url\":\"https:\/\/lystes.academy\/affiliation\/produit\/fendi-montre-run-away\/\",\"name\":\"FENDI Montre Run Away - affliation\",\"isPartOf\":{\"@id\":\"https:\/\/mentorlystes.com\/affiliation\/#website\"},\"primaryImageOfPage\":{\"@id\":\"https:\/\/lystes.academy\/affiliation\/produit\/fendi-montre-run-away\/#primaryimage\"},\"image\":{\"@id\":\"https:\/\/lystes.academy\/affiliation\/produit\/fendi-montre-run-away\/#primaryimage\"},\"thumbnailUrl\":\"https:\/\/lystes.academy\/affiliation\/wp-content\/uploads\/sites\/6\/2022\/04\/076BD3E4-521C-4971-A73C-CC5311123D4B.png\",\"datePublished\":\"2022-04-25T05:21:43+00:00\",\"dateModified\":\"2022-04-25T05:23:50+00:00\",\"breadcrumb\":{\"@id\":\"https:\/\/lystes.academy\/affiliation\/produit\/fendi-montre-run-away\/#breadcrumb\"},\"inLanguage\":\"fr-FR\",\"potentialAction\":[{\"@type\":\"ReadAction\",\"target\":[\"https:\/\/lystes.academy\/affiliation\/produit\/fendi-montre-run-away\/\"]}]},{\"@type\":\"ImageObject\",\"inLanguage\":\"fr-FR\",\"@id\":\"https:\/\/lystes.academy\/affiliation\/produit\/fendi-montre-run-away\/#primaryimage\",\"url\":\"https:\/\/lystes.academy\/affiliation\/wp-content\/uploads\/sites\/6\/2022\/04\/076BD3E4-521C-4971-A73C-CC5311123D4B.png\",\"contentUrl\":\"https:\/\/lystes.academy\/affiliation\/wp-content\/uploads\/sites\/6\/2022\/04\/076BD3E4-521C-4971-A73C-CC5311123D4B.png\",\"width\":1080,\"height\":1350},{\"@type\":\"BreadcrumbList\",\"@id\":\"https:\/\/lystes.academy\/affiliation\/produit\/fendi-montre-run-away\/#breadcrumb\",\"itemListElement\":[{\"@type\":\"ListItem\",\"position\":1,\"name\":\"Accueil\",\"item\":\"https:\/\/mentorlystes.com\/affiliation\/\"},{\"@type\":\"ListItem\",\"position\":2,\"name\":\"Boutique\",\"item\":\"https:\/\/mentorlystes.com\/affiliation\/\"},{\"@type\":\"ListItem\",\"position\":3,\"name\":\"FENDI Montre Run Away\"}]},{\"@type\":\"WebSite\",\"@id\":\"https:\/\/mentorlystes.com\/affiliation\/#website\",\"url\":\"https:\/\/mentorlystes.com\/affiliation\/\",\"name\":\"affliation\",\"description\":\"Un site utilisant Les sites de Mentorlystes\",\"potentialAction\":[{\"@type\":\"SearchAction\",\"target\":{\"@type\":\"EntryPoint\",\"urlTemplate\":\"https:\/\/mentorlystes.com\/affiliation\/?s={search_term_string}\"},\"query-input\":{\"@type\":\"PropertyValueSpecification\",\"valueRequired\":true,\"valueName\":\"search_term_string\"}}],\"inLanguage\":\"fr-FR\"}]}<\/script>\n<!-- \/ Yoast SEO plugin. -->","yoast_head_json":{"title":"FENDI Montre Run Away - affliation","robots":{"index":"index","follow":"follow","max-snippet":"max-snippet:-1","max-image-preview":"max-image-preview:large","max-video-preview":"max-video-preview:-1"},"canonical":"https:\/\/lystes.academy\/affiliation\/produit\/fendi-montre-run-away\/","og_locale":"fr_FR","og_type":"article","og_title":"FENDI Montre Run Away - affliation","og_description":"Bo\u00eetier en acier inoxydable poli, lettre F ins\u00e9r\u00e9e et couronne en acier inoxydable couleur or jaune. Cadran d\u00e9centr\u00e9 et courb\u00e9 argent-blanc en opaline, minuterie grise, index et aiguilles couleur or jaune imprim\u00e9. Aiguilles dauphines couleur or jaune. Bracelet en acier inoxydable poli avec maillons centraux en acier inoxydable couleur or jaune, boucle d\u00e9ployante.","og_url":"https:\/\/lystes.academy\/affiliation\/produit\/fendi-montre-run-away\/","og_site_name":"affliation","article_modified_time":"2022-04-25T05:23:50+00:00","og_image":[{"width":1080,"height":1350,"url":"https:\/\/lystes.academy\/affiliation\/wp-content\/uploads\/sites\/6\/2022\/04\/076BD3E4-521C-4971-A73C-CC5311123D4B.png","type":"image\/png"}],"twitter_card":"summary_large_image","schema":{"@context":"https:\/\/schema.org","@graph":[{"@type":"WebPage","@id":"https:\/\/lystes.academy\/affiliation\/produit\/fendi-montre-run-away\/","url":"https:\/\/lystes.academy\/affiliation\/produit\/fendi-montre-run-away\/","name":"FENDI Montre Run Away - affliation","isPartOf":{"@id":"https:\/\/mentorlystes.com\/affiliation\/#website"},"primaryImageOfPage":{"@id":"https:\/\/lystes.academy\/affiliation\/produit\/fendi-montre-run-away\/#primaryimage"},"image":{"@id":"https:\/\/lystes.academy\/affiliation\/produit\/fendi-montre-run-away\/#primaryimage"},"thumbnailUrl":"https:\/\/lystes.academy\/affiliation\/wp-content\/uploads\/sites\/6\/2022\/04\/076BD3E4-521C-4971-A73C-CC5311123D4B.png","datePublished":"2022-04-25T05:21:43+00:00","dateModified":"2022-04-25T05:23:50+00:00","breadcrumb":{"@id":"https:\/\/lystes.academy\/affiliation\/produit\/fendi-montre-run-away\/#breadcrumb"},"inLanguage":"fr-FR","potentialAction":[{"@type":"ReadAction","target":["https:\/\/lystes.academy\/affiliation\/produit\/fendi-montre-run-away\/"]}]},{"@type":"ImageObject","inLanguage":"fr-FR","@id":"https:\/\/lystes.academy\/affiliation\/produit\/fendi-montre-run-away\/#primaryimage","url":"https:\/\/lystes.academy\/affiliation\/wp-content\/uploads\/sites\/6\/2022\/04\/076BD3E4-521C-4971-A73C-CC5311123D4B.png","contentUrl":"https:\/\/lystes.academy\/affiliation\/wp-content\/uploads\/sites\/6\/2022\/04\/076BD3E4-521C-4971-A73C-CC5311123D4B.png","width":1080,"height":1350},{"@type":"BreadcrumbList","@id":"https:\/\/lystes.academy\/affiliation\/produit\/fendi-montre-run-away\/#breadcrumb","itemListElement":[{"@type":"ListItem","position":1,"name":"Accueil","item":"https:\/\/mentorlystes.com\/affiliation\/"},{"@type":"ListItem","position":2,"name":"Boutique","item":"https:\/\/mentorlystes.com\/affiliation\/"},{"@type":"ListItem","position":3,"name":"FENDI Montre Run Away"}]},{"@type":"WebSite","@id":"https:\/\/mentorlystes.com\/affiliation\/#website","url":"https:\/\/mentorlystes.com\/affiliation\/","name":"affliation","description":"Un site utilisant Les sites de Mentorlystes","potentialAction":[{"@type":"SearchAction","target":{"@type":"EntryPoint","urlTemplate":"https:\/\/mentorlystes.com\/affiliation\/?s={search_term_string}"},"query-input":{"@type":"PropertyValueSpecification","valueRequired":true,"valueName":"search_term_string"}}],"inLanguage":"fr-FR"}]}},"_links":{"self":[{"href":"https:\/\/lystes.academy\/affiliation\/wp-json\/wp\/v2\/product\/35","targetHints":{"allow":["GET"]}}],"collection":[{"href":"https:\/\/lystes.academy\/affiliation\/wp-json\/wp\/v2\/product"}],"about":[{"href":"https:\/\/lystes.academy\/affiliation\/wp-json\/wp\/v2\/types\/product"}],"replies":[{"embeddable":true,"href":"https:\/\/lystes.academy\/affiliation\/wp-json\/wp\/v2\/comments?post=35"}],"wp:featuredmedia":[{"embeddable":true,"href":"https:\/\/lystes.academy\/affiliation\/wp-json\/wp\/v2\/media\/72"}],"wp:attachment":[{"href":"https:\/\/lystes.academy\/affiliation\/wp-json\/wp\/v2\/media?parent=35"}],"wp:term":[{"taxonomy":"product_brand","embeddable":true,"href":"https:\/\/lystes.academy\/affiliation\/wp-json\/wp\/v2\/product_brand?post=35"},{"taxonomy":"product_cat","embeddable":true,"href":"https:\/\/lystes.academy\/affiliation\/wp-json\/wp\/v2\/product_cat?post=35"},{"taxonomy":"product_tag","embeddable":true,"href":"https:\/\/lystes.academy\/affiliation\/wp-json\/wp\/v2\/product_tag?post=35"}],"curies":[{"name":"wp","href":"https:\/\/api.w.org\/{rel}","templated":true}]}}